{"id":704,"date":"2024-12-20T09:16:51","date_gmt":"2024-12-20T08:16:51","guid":{"rendered":"https:\/\/www.caminitodelalbir.com?page_id=704"},"modified":"2024-12-20T09:22:48","modified_gmt":"2024-12-20T08:22:48","slug":"financiado-por-la-union-europea-next-generation-eu","status":"publish","type":"page","link":"https:\/\/www.caminitodelalbir.com\/en\/financiado-por-la-union-europea-next-generation-eu\/","title":{"rendered":"Financiad Por La Union Europea Next Generation eu"},"content":{"rendered":"<div  class='flex_column av-773pc-0a09f05bfc8362e4833cadae7b7850c3 av_one_full  avia-builder-el-0  el_before_av_one_full  avia-builder-el-first  first flex_column_div'     ><section  class='av_textblock_section av-m4wh7orc-fdf021c27d9a6617108f573f0bcf27d4'   itemscope=\"itemscope\" itemtype=\"https:\/\/schema.org\/CreativeWork\" ><div class='avia_textblock'  itemprop=\"text\" ><p>\u00abFinanciado por la Uni\u00f3n Europea \u2013 Next Generation EU. Sin embargo, los puntos de vista y las opiniones expresadas son \u00fanicamente los del autor o autores y no reflejan necesariamente los de la Uni\u00f3n Europea o la Comisi\u00f3n Europea. Ni la Uni\u00f3n Europea ni la Comisi\u00f3n Europea pueden ser\u00a0 consideradas responsables de las mismas\u00bb<\/p>\n<\/div><\/section><\/div>\n<div  class='flex_column av-axpds-4cc467e1c8b8747687bd725f0a7195a2 av_one_full  avia-builder-el-2  el_after_av_one_full  avia-builder-el-last  first flex_column_div  column-top-margin'     ><style type=\"text\/css\" data-created_by=\"avia_inline_auto\" id=\"style-css-av-m4wh8hhg-41f5e7f0bdf0fb20e35890ceb826e586\">\n.avia-image-container.av-m4wh8hhg-41f5e7f0bdf0fb20e35890ceb826e586 img.avia_image{\nbox-shadow:none;\n}\n.avia-image-container.av-m4wh8hhg-41f5e7f0bdf0fb20e35890ceb826e586 .av-image-caption-overlay-center{\ncolor:#ffffff;\n}\n<\/style>\n<div  class='avia-image-container av-m4wh8hhg-41f5e7f0bdf0fb20e35890ceb826e586 av-styling- avia-align-center  avia-builder-el-3  avia-builder-el-no-sibling'   itemprop=\"image\" itemscope=\"itemscope\" itemtype=\"https:\/\/schema.org\/ImageObject\" ><div class=\"avia-image-container-inner\"><div class=\"avia-image-overlay-wrap\"><img decoding=\"async\" fetchpriority=\"high\" class='wp-image-711 avia-img-lazy-loading-not-711 avia_image' src=\"https:\/\/www.caminitodelalbir.com\/wp-content\/uploads\/2024\/12\/CONBANDERA_KITDIGITAL-scaled-1-1030x96.jpg\" alt='' title='CONBANDERA_KITDIGITAL-scaled'  height=\"96\" width=\"1030\"  itemprop=\"thumbnailUrl\" srcset=\"https:\/\/www.caminitodelalbir.com\/wp-content\/uploads\/2024\/12\/CONBANDERA_KITDIGITAL-scaled-1-1030x96.jpg 1030w, https:\/\/www.caminitodelalbir.com\/wp-content\/uploads\/2024\/12\/CONBANDERA_KITDIGITAL-scaled-1-300x28.jpg 300w, https:\/\/www.caminitodelalbir.com\/wp-content\/uploads\/2024\/12\/CONBANDERA_KITDIGITAL-scaled-1-768x72.jpg 768w, https:\/\/www.caminitodelalbir.com\/wp-content\/uploads\/2024\/12\/CONBANDERA_KITDIGITAL-scaled-1-1536x143.jpg 1536w, https:\/\/www.caminitodelalbir.com\/wp-content\/uploads\/2024\/12\/CONBANDERA_KITDIGITAL-scaled-1-2048x191.jpg 2048w, https:\/\/www.caminitodelalbir.com\/wp-content\/uploads\/2024\/12\/CONBANDERA_KITDIGITAL-scaled-1-18x2.jpg 18w, https:\/\/www.caminitodelalbir.com\/wp-content\/uploads\/2024\/12\/CONBANDERA_KITDIGITAL-scaled-1-1500x140.jpg 1500w, https:\/\/www.caminitodelalbir.com\/wp-content\/uploads\/2024\/12\/CONBANDERA_KITDIGITAL-scaled-1-705x66.jpg 705w\" sizes=\"(max-width: 1030px) 100vw, 1030px\" \/><\/div><\/div><\/div><\/div>","protected":false},"excerpt":{"rendered":"","protected":false},"author":1,"featured_media":0,"parent":0,"menu_order":0,"comment_status":"closed","ping_status":"closed","template":"","meta":{"_joinchat":[],"footnotes":""},"class_list":["post-704","page","type-page","status-publish","hentry"],"_links":{"self":[{"href":"https:\/\/www.caminitodelalbir.com\/en\/wp-json\/wp\/v2\/pages\/704","targetHints":{"allow":["GET"]}}],"collection":[{"href":"https:\/\/www.caminitodelalbir.com\/en\/wp-json\/wp\/v2\/pages"}],"about":[{"href":"https:\/\/www.caminitodelalbir.com\/en\/wp-json\/wp\/v2\/types\/page"}],"author":[{"embeddable":true,"href":"https:\/\/www.caminitodelalbir.com\/en\/wp-json\/wp\/v2\/users\/1"}],"replies":[{"embeddable":true,"href":"https:\/\/www.caminitodelalbir.com\/en\/wp-json\/wp\/v2\/comments?post=704"}],"version-history":[{"count":0,"href":"https:\/\/www.caminitodelalbir.com\/en\/wp-json\/wp\/v2\/pages\/704\/revisions"}],"wp:attachment":[{"href":"https:\/\/www.caminitodelalbir.com\/en\/wp-json\/wp\/v2\/media?parent=704"}],"curies":[{"name":"wp","href":"https:\/\/api.w.org\/{rel}","templated":true}]}}